{"id":1156,"date":"2023-12-03T16:20:40","date_gmt":"2023-12-03T16:20:40","guid":{"rendered":"https:\/\/itindeedtheme.com\/meditest\/?page_id=1156"},"modified":"2026-02-24T11:11:37","modified_gmt":"2026-02-24T11:11:37","slug":"contacto","status":"publish","type":"page","link":"https:\/\/mydoctoreu.com\/en\/contacto\/","title":{"rendered":"Contacto"},"content":{"rendered":"<div data-elementor-type=\"wp-page\" data-elementor-id=\"1156\" class=\"elementor elementor-1156\" data-elementor-post-type=\"page\">\n\t\t\t\t<div class=\"elementor-element elementor-element-a5f38ca e-flex e-con-boxed e-con e-parent\" data-id=\"a5f38ca\" data-element_type=\"container\" data-e-type=\"container\">\n\t\t\t\t\t<div class=\"e-con-inner\">\n\t\t<div class=\"elementor-element elementor-element-76196fd e-con-full e-flex e-con e-child\" data-id=\"76196fd\" data-element_type=\"container\" data-e-type=\"container\" data-settings=\"{&quot;background_background&quot;:&quot;classic&quot;}\">\n\t\t\t\t<div class=\"elementor-element elementor-element-ba87ab6 elementor-view-stacked elementor-shape-circle elementor-position-block-start elementor-mobile-position-block-start elementor-widget elementor-widget-icon-box\" data-id=\"ba87ab6\" data-element_type=\"widget\" data-e-type=\"widget\" data-widget_type=\"icon-box.default\">\n\t\t\t\t<div class=\"elementor-widget-container\">\n\t\t\t\t\t\t\t<div class=\"elementor-icon-box-wrapper\">\n\n\t\t\t\t\t\t<div class=\"elementor-icon-box-icon\">\n\t\t\t\t<a href=\"https:\/\/g.co\/kgs\/d3hjCMf\" target=\"_blank\" class=\"elementor-icon\" tabindex=\"-1\" aria-label=\"Ubicaci\u00f3n\">\n\t\t\t\t<svg aria-hidden=\"true\" class=\"e-font-icon-svg e-fas-map-marker-alt\" viewbox=\"0 0 384 512\" xmlns=\"http:\/\/www.w3.org\/2000\/svg\"><path d=\"M172.268 501.67C26.97 291.031 0 269.413 0 192 0 85.961 85.961 0 192 0s192 85.961 192 192c0 77.413-26.97 99.031-172.268 309.67-9.535 13.774-29.93 13.773-39.464 0zM192 272c44.183 0 80-35.817 80-80s-35.817-80-80-80-80 35.817-80 80 35.817 80 80 80z\"><\/path><\/svg>\t\t\t\t<\/a>\n\t\t\t<\/div>\n\t\t\t\n\t\t\t\t\t\t<div class=\"elementor-icon-box-content\">\n\n\t\t\t\t\t\t\t\t\t<h3 class=\"elementor-icon-box-title\">\n\t\t\t\t\t\t<a href=\"https:\/\/g.co\/kgs\/d3hjCMf\" target=\"_blank\" >\n\t\t\t\t\t\t\tUbicaci\u00f3n\t\t\t\t\t\t<\/a>\n\t\t\t\t\t<\/h3>\n\t\t\t\t\n\t\t\t\t\t\t\t\t\t<p class=\"elementor-icon-box-description\">\n\t\t\t\t\t\tCarrer de la Llicorella, 5a, <br>08211 Castellar del Vall\u00e8s, Barcelona\n\t\t\t\t\t<\/p>\n\t\t\t\t\n\t\t\t<\/div>\n\t\t\t\n\t\t<\/div>\n\t\t\t\t\t\t<\/div>\n\t\t\t\t<\/div>\n\t\t\t\t<\/div>\n\t\t<div class=\"elementor-element elementor-element-b43e0ec e-con-full e-flex e-con e-child\" data-id=\"b43e0ec\" data-element_type=\"container\" data-e-type=\"container\" data-settings=\"{&quot;background_background&quot;:&quot;classic&quot;}\">\n\t\t\t\t<div class=\"elementor-element elementor-element-982888f elementor-view-stacked elementor-shape-circle elementor-position-block-start elementor-mobile-position-block-start elementor-widget elementor-widget-icon-box\" data-id=\"982888f\" data-element_type=\"widget\" data-e-type=\"widget\" data-widget_type=\"icon-box.default\">\n\t\t\t\t<div class=\"elementor-widget-container\">\n\t\t\t\t\t\t\t<div class=\"elementor-icon-box-wrapper\">\n\n\t\t\t\t\t\t<div class=\"elementor-icon-box-icon\">\n\t\t\t\t<a href=\"tel:931912435\" class=\"elementor-icon\" tabindex=\"-1\" aria-label=\"Ll\u00e1manos\">\n\t\t\t\t<svg xmlns=\"http:\/\/www.w3.org\/2000\/svg\" width=\"36\" height=\"36\" viewbox=\"0 0 36 36\" fill=\"none\"><path d=\"M19.3998 2.32962C19.3998 1.95106 19.5502 1.58801 19.8179 1.32033C20.0856 1.05265 20.4486 0.902273 20.8272 0.902273C24.6114 0.906429 28.2394 2.41157 30.9153 5.08746C33.5911 7.76335 35.0962 11.3914 35.1004 15.1757C35.1004 15.5543 34.95 15.9173 34.6823 16.185C34.4147 16.4527 34.0516 16.6031 33.6731 16.6031C33.2945 16.6031 32.9315 16.4527 32.6638 16.185C32.3961 15.9173 32.2457 15.5543 32.2457 15.1757C32.2423 12.1483 31.0382 9.24589 28.8976 7.10519C26.7569 4.9645 23.8545 3.76036 20.8272 3.75696C20.4486 3.75696 20.0856 3.60658 19.8179 3.3389C19.5502 3.07122 19.3998 2.70817 19.3998 2.32962ZM20.8272 9.46634C22.3414 9.46634 23.7935 10.0679 24.8642 11.1386C25.9349 12.2093 26.5364 13.6615 26.5364 15.1757C26.5364 15.5543 26.6868 15.9173 26.9545 16.185C27.2222 16.4527 27.5852 16.6031 27.9638 16.6031C28.3423 16.6031 28.7054 16.4527 28.973 16.185C29.2407 15.9173 29.3911 15.5543 29.3911 15.1757C29.3888 12.9051 28.4858 10.7281 26.8803 9.12251C25.2747 7.51693 23.0978 6.61392 20.8272 6.61165C20.4486 6.61165 20.0856 6.76203 19.8179 7.02971C19.5502 7.29739 19.3998 7.66044 19.3998 8.039C19.3998 8.41755 19.5502 8.7806 19.8179 9.04828C20.0856 9.31596 20.4486 9.46634 20.8272 9.46634ZM33.8058 24.7946C34.633 25.624 35.0975 26.7476 35.0975 27.9191C35.0975 29.0905 34.633 30.2141 33.8058 31.0435L32.5069 32.5408C20.8172 43.7326 -7.62941 15.2928 3.38953 3.5657L5.03096 2.13835C5.86133 1.3343 6.97487 0.889497 8.13068 0.900182C9.28649 0.910867 10.3916 1.37618 11.207 2.19545C11.2512 2.2397 13.8961 5.67531 13.8961 5.67531C14.6809 6.49979 15.1177 7.59499 15.1159 8.73326C15.114 9.87153 14.6736 10.9653 13.8861 11.7872L12.2332 13.8654C13.1479 16.088 14.4928 18.1078 16.1905 19.809C17.8882 21.5102 19.9054 22.8591 22.126 23.7783L24.217 22.1155C25.039 21.3286 26.1326 20.8887 27.2705 20.8871C28.4084 20.8855 29.5032 21.3223 30.3274 22.1069C30.3274 22.1069 33.7616 24.7503 33.8058 24.7946ZM31.8418 26.87C31.8418 26.87 28.4262 24.2422 28.382 24.198C28.0879 23.9064 27.6906 23.7428 27.2765 23.7428C26.8624 23.7428 26.4651 23.9064 26.1711 24.198C26.1325 24.2379 23.2536 26.5317 23.2536 26.5317C23.0596 26.6861 22.8287 26.7873 22.5837 26.8254C22.3387 26.8634 22.0879 26.837 21.8563 26.7486C18.9794 25.6775 16.3664 24.0006 14.1941 21.8315C12.0219 19.6625 10.3412 17.0519 9.26583 14.1766C9.17048 13.9417 9.13939 13.6857 9.17577 13.4348C9.21214 13.184 9.31466 12.9473 9.47279 12.7492C9.47279 12.7492 11.7665 9.86885 11.805 9.83174C12.0966 9.53769 12.2602 9.14036 12.2602 8.72626C12.2602 8.31217 12.0966 7.91484 11.805 7.62078C11.7608 7.57796 9.13309 4.15947 9.13309 4.15947C8.83463 3.89186 8.44512 3.74853 8.04439 3.75888C7.64366 3.76924 7.26207 3.93247 6.97783 4.21514L5.3364 5.64249C-2.71656 15.3256 21.9348 38.6099 30.4202 30.591L31.7205 29.0923C32.0252 28.8101 32.2082 28.4204 32.2309 28.0057C32.2535 27.591 32.114 27.1837 31.8418 26.87Z\" fill=\"white\"><\/path><\/svg>\t\t\t\t<\/a>\n\t\t\t<\/div>\n\t\t\t\n\t\t\t\t\t\t<div class=\"elementor-icon-box-content\">\n\n\t\t\t\t\t\t\t\t\t<h3 class=\"elementor-icon-box-title\">\n\t\t\t\t\t\t<a href=\"tel:931912435\" >\n\t\t\t\t\t\t\tLl\u00e1manos\t\t\t\t\t\t<\/a>\n\t\t\t\t\t<\/h3>\n\t\t\t\t\n\t\t\t\t\t\t\t\t\t<p class=\"elementor-icon-box-description\">\n\t\t\t\t\t\tTel\u00e9fonos de contacto: <br><strong>662 957 996\n<\/strong><br><strong>600 265 671<\/strong>\t\t\t\t\t<\/p>\n\t\t\t\t\n\t\t\t<\/div>\n\t\t\t\n\t\t<\/div>\n\t\t\t\t\t\t<\/div>\n\t\t\t\t<\/div>\n\t\t\t\t<\/div>\n\t\t<div class=\"elementor-element elementor-element-77e7615 e-con-full e-flex e-con e-child\" data-id=\"77e7615\" data-element_type=\"container\" data-e-type=\"container\" data-settings=\"{&quot;background_background&quot;:&quot;classic&quot;}\">\n\t\t\t\t<div class=\"elementor-element elementor-element-394c1e7 elementor-view-stacked elementor-shape-circle elementor-position-block-start elementor-mobile-position-block-start elementor-widget elementor-widget-icon-box\" data-id=\"394c1e7\" data-element_type=\"widget\" data-e-type=\"widget\" data-widget_type=\"icon-box.default\">\n\t\t\t\t<div class=\"elementor-widget-container\">\n\t\t\t\t\t\t\t<div class=\"elementor-icon-box-wrapper\">\n\n\t\t\t\t\t\t<div class=\"elementor-icon-box-icon\">\n\t\t\t\t<a href=\"mailto:redes@mydoctoreu.com\" class=\"elementor-icon\" tabindex=\"-1\" aria-label=\"Email\">\n\t\t\t\t<svg aria-hidden=\"true\" class=\"e-font-icon-svg e-far-envelope\" viewbox=\"0 0 512 512\" xmlns=\"http:\/\/www.w3.org\/2000\/svg\"><path d=\"M464 64H48C21.49 64 0 85.49 0 112v288c0 26.51 21.49 48 48 48h416c26.51 0 48-21.49 48-48V112c0-26.51-21.49-48-48-48zm0 48v40.805c-22.422 18.259-58.168 46.651-134.587 106.49-16.841 13.247-50.201 45.072-73.413 44.701-23.208.375-56.579-31.459-73.413-44.701C106.18 199.465 70.425 171.067 48 152.805V112h416zM48 400V214.398c22.914 18.251 55.409 43.862 104.938 82.646 21.857 17.205 60.134 55.186 103.062 54.955 42.717.231 80.509-37.199 103.053-54.947 49.528-38.783 82.032-64.401 104.947-82.653V400H48z\"><\/path><\/svg>\t\t\t\t<\/a>\n\t\t\t<\/div>\n\t\t\t\n\t\t\t\t\t\t<div class=\"elementor-icon-box-content\">\n\n\t\t\t\t\t\t\t\t\t<h3 class=\"elementor-icon-box-title\">\n\t\t\t\t\t\t<a href=\"mailto:redes@mydoctoreu.com\" >\n\t\t\t\t\t\t\tEmail\t\t\t\t\t\t<\/a>\n\t\t\t\t\t<\/h3>\n\t\t\t\t\n\t\t\t\t\t\t\t\t\t<p class=\"elementor-icon-box-description\">\n\t\t\t\t\t\tCorreo electr\u00f3nico <br> <strong>redes@mydoctoreu.com<\/strong>\n\t\t\t\t\t<\/p>\n\t\t\t\t\n\t\t\t<\/div>\n\t\t\t\n\t\t<\/div>\n\t\t\t\t\t\t<\/div>\n\t\t\t\t<\/div>\n\t\t\t\t<\/div>\n\t\t\t\t\t<\/div>\n\t\t\t\t<\/div>\n\t\t<div class=\"elementor-element elementor-element-b94a055 e-con-full e-flex e-con e-parent\" data-id=\"b94a055\" data-element_type=\"container\" data-e-type=\"container\">\n\t\t\t\t<div class=\"elementor-element elementor-element-38b4ef2 elementor-widget elementor-widget-html\" data-id=\"38b4ef2\" data-element_type=\"widget\" data-e-type=\"widget\" data-widget_type=\"html.default\">\n\t\t\t\t<div class=\"elementor-widget-container\">\n\t\t\t\t\t<iframe src=\"https:\/\/www.google.com\/maps\/embed?pb=!1m18!1m12!1m3!1d2982.579052965704!2d2.0634227760442823!3d41.62161357127109!2m3!1f0!2f0!3f0!3m2!1i1024!2i768!4f13.1!3m3!1m2!1s0x12a4ec8019926b27%3A0xd6ec297612143616!2sCarrer%20de%20la%20Llicorella%2C%205%2C%2008211%20Castellar%20del%20Vall%C3%A8s%2C%20Barcelona!5e0!3m2!1ses!2ses!4v1744583337161!5m2!1ses!2ses\" width=\"600\" height=\"450\" style=\"border:0;\" allowfullscreen=\"\" loading=\"lazy\" referrerpolicy=\"no-referrer-when-downgrade\"><\/iframe>\t\t\t\t<\/div>\n\t\t\t\t<\/div>\n\t\t\t\t<\/div>\n\t\t<div class=\"elementor-element elementor-element-6c77e24 e-flex e-con-boxed e-con e-parent\" data-id=\"6c77e24\" data-element_type=\"container\" data-e-type=\"container\" data-settings=\"{&quot;background_background&quot;:&quot;classic&quot;}\">\n\t\t\t\t\t<div class=\"e-con-inner\">\n\t\t<div class=\"elementor-element elementor-element-f75f10f e-flex e-con-boxed e-con e-child\" data-id=\"f75f10f\" data-element_type=\"container\" data-e-type=\"container\" data-settings=\"{&quot;background_background&quot;:&quot;classic&quot;}\">\n\t\t\t\t\t<div class=\"e-con-inner\">\n\t\t<div class=\"elementor-element elementor-element-1ffda4e e-flex e-con-boxed e-con e-child\" data-id=\"1ffda4e\" data-element_type=\"container\" data-e-type=\"container\" data-settings=\"{&quot;background_background&quot;:&quot;classic&quot;}\">\n\t\t\t\t\t<div class=\"e-con-inner\">\n\t\t\t\t<div class=\"elementor-element elementor-element-19baf27 elementor-widget elementor-widget-heading\" data-id=\"19baf27\" data-element_type=\"widget\" data-e-type=\"widget\" data-widget_type=\"heading.default\">\n\t\t\t\t<div class=\"elementor-widget-container\">\n\t\t\t\t\t<h2 class=\"elementor-heading-title elementor-size-default\">Contacta con nosotros | My Doctor<\/h2>\t\t\t\t<\/div>\n\t\t\t\t<\/div>\n\t\t\t\t<div class=\"elementor-element elementor-element-5ca7d0e elementor-widget__width-initial elementor-widget elementor-widget-heading\" data-id=\"5ca7d0e\" data-element_type=\"widget\" data-e-type=\"widget\" data-widget_type=\"heading.default\">\n\t\t\t\t<div class=\"elementor-widget-container\">\n\t\t\t\t\t<p class=\"elementor-heading-title elementor-size-default\">Escr\u00edbenos, tanto si eres paciente como profesiona, nuestro equipo especializado te atender\u00e1 de manera personalizada para resolver cualquier duda.\n<\/p>\t\t\t\t<\/div>\n\t\t\t\t<\/div>\n\t\t\t\t<div class=\"elementor-element elementor-element-7714764 elementor-widget elementor-widget-shortcode\" data-id=\"7714764\" data-element_type=\"widget\" data-e-type=\"widget\" data-widget_type=\"shortcode.default\">\n\t\t\t\t<div class=\"elementor-widget-container\">\n\t\t\t\t\t\t\t<div class=\"elementor-shortcode\">\n<div class=\"wpcf7 no-js\" id=\"wpcf7-f430-o1\" lang=\"en-US\" dir=\"ltr\" data-wpcf7-id=\"430\">\n<div class=\"screen-reader-response\"><p role=\"status\" aria-live=\"polite\" aria-atomic=\"true\"><\/p> <ul><\/ul><\/div>\n<form action=\"\/en\/wp-json\/wp\/v2\/pages\/1156#wpcf7-f430-o1\" method=\"post\" class=\"wpcf7-form init\" aria-label=\"Contact form\" novalidate=\"novalidate\" data-status=\"init\" data-trp-original-action=\"\/en\/wp-json\/wp\/v2\/pages\/1156#wpcf7-f430-o1\">\n<fieldset class=\"hidden-fields-container\"><input type=\"hidden\" name=\"_wpcf7\" value=\"430\" \/><input type=\"hidden\" name=\"_wpcf7_version\" value=\"6.1.5\" \/><input type=\"hidden\" name=\"_wpcf7_locale\" value=\"en_US\" \/><input type=\"hidden\" name=\"_wpcf7_unit_tag\" value=\"wpcf7-f430-o1\" \/><input type=\"hidden\" name=\"_wpcf7_container_post\" value=\"0\" \/><input type=\"hidden\" name=\"_wpcf7_posted_data_hash\" value=\"\" \/><input type=\"hidden\" name=\"_wpcf7_recaptcha_response\" value=\"\" \/>\n<\/fieldset>\n<div class=\"meditest_appointment_form1\">\n\t<div class=\"row\">\n\t\t<div class=\"col-md-6 col-sm-12\">\n\t\t\t<p><span class=\"wpcf7-form-control-wrap\" data-name=\"pasentname\"><input size=\"40\" maxlength=\"400\" class=\"wpcf7-form-control wpcf7-text wpcf7-validates-as-required form-control\" aria-required=\"true\" aria-invalid=\"false\" placeholder=\"Nombre*\" value=\"\" type=\"text\" name=\"pasentname\" \/><\/span>\n\t\t\t<\/p>\n\t\t<\/div>\n\t\t<div class=\"col-md-6 col-sm-12\">\n\t\t\t<p><span class=\"wpcf7-form-control-wrap\" data-name=\"pasentemail\"><input size=\"40\" maxlength=\"400\" class=\"wpcf7-form-control wpcf7-email wpcf7-validates-as-required wpcf7-text wpcf7-validates-as-email form-control\" aria-required=\"true\" aria-invalid=\"false\" placeholder=\"E-mail*\" value=\"\" type=\"email\" name=\"pasentemail\" \/><\/span>\n\t\t\t<\/p>\n\t\t<\/div>\n\t<\/div>\n\t<div class=\"row\">\n\t\t<div class=\"col-12\">\n\t\t\t<p><span class=\"wpcf7-form-control-wrap\" data-name=\"tel-247\"><input size=\"40\" maxlength=\"400\" class=\"wpcf7-form-control wpcf7-tel wpcf7-validates-as-required wpcf7-text wpcf7-validates-as-tel form-control\" aria-required=\"true\" aria-invalid=\"false\" placeholder=\"Tel\u00e9fono de contacto*\" value=\"\" type=\"tel\" name=\"tel-247\" \/><\/span>\n\t\t\t<\/p>\n\t\t<\/div>\n\t<\/div>\n\t<div class=\"row\">\n\t\t<div class=\"col-12\">\n\t\t\t<p><span class=\"wpcf7-form-control-wrap\" data-name=\"problem-details\"><textarea cols=\"40\" rows=\"5\" maxlength=\"2000\" class=\"wpcf7-form-control wpcf7-textarea form-control\" aria-invalid=\"false\" placeholder=\"\u00bfEn qu\u00e9 podemos ayudarte?\" name=\"problem-details\"><\/textarea><\/span><br \/>\n<label class=\"wpcf7-acceptance-politica\"><br \/>\n<input type=\"checkbox\" name=\"politica\" required \/><br \/>\nHe le\u00eddo y acepto la <a href=\"https:\/\/mydoctoreu.com\/en\/politica-de-privacidad\/\"> Pol\u00edtica de Privacidad<\/a><br \/>\n<\/label>\n\t\t\t<\/p>\n\t\t\t<div class=\"col-12\">\n\t\t\t\t<p><input class=\"wpcf7-form-control wpcf7-submit has-spinner btn\" type=\"submit\" value=\"Enviar +\" \/>\n\t\t\t\t<\/p>\n\t\t\t<\/div>\n\t\t<\/div>\n\t<\/div>\n<\/div><div class=\"wpcf7-response-output\" aria-hidden=\"true\"><\/div>\n<input type=\"hidden\" name=\"trp-form-language\" value=\"en\"\/><\/form>\n<\/div>\n<\/div>\n\t\t\t\t\t\t<\/div>\n\t\t\t\t<\/div>\n\t\t\t\t\t<\/div>\n\t\t\t\t<\/div>\n\t\t\t\t<div class=\"elementor-element elementor-element-20f4887 elementor-widget elementor-widget-spacer\" data-id=\"20f4887\" data-element_type=\"widget\" data-e-type=\"widget\" data-widget_type=\"spacer.default\">\n\t\t\t\t<div class=\"elementor-widget-container\">\n\t\t\t\t\t\t\t<div class=\"elementor-spacer\">\n\t\t\t<div class=\"elementor-spacer-inner\"><\/div>\n\t\t<\/div>\n\t\t\t\t\t\t<\/div>\n\t\t\t\t<\/div>\n\t\t\t\t\t<\/div>\n\t\t\t\t<\/div>\n\t\t\t\t\t<\/div>\n\t\t\t\t<\/div>\n\t\t\t\t<\/div>","protected":false},"excerpt":{"rendered":"<p>Ubicaci\u00f3n Carrer de la Llicorella, 5a, 08211 Castellar del Vall\u00e8s, Barcelona Ll\u00e1manos Tel\u00e9fonos de contacto: 662 957 996 600 265 671 Email Correo electr\u00f3nico redes@mydoctoreu.com Contacta con nosotros | My Doctor Escr\u00edbenos, tanto si eres paciente como profesiona, nuestro equipo especializado te atender\u00e1 de manera personalizada para resolver cualquier duda.<\/p>","protected":false},"author":2,"featured_media":0,"parent":0,"menu_order":0,"comment_status":"closed","ping_status":"closed","template":"template\/homepage-template.php","meta":{"footnotes":""},"class_list":["post-1156","page","type-page","status-publish","hentry"],"_links":{"self":[{"href":"https:\/\/mydoctoreu.com\/en\/wp-json\/wp\/v2\/pages\/1156","targetHints":{"allow":["GET"]}}],"collection":[{"href":"https:\/\/mydoctoreu.com\/en\/wp-json\/wp\/v2\/pages"}],"about":[{"href":"https:\/\/mydoctoreu.com\/en\/wp-json\/wp\/v2\/types\/page"}],"author":[{"embeddable":true,"href":"https:\/\/mydoctoreu.com\/en\/wp-json\/wp\/v2\/users\/2"}],"replies":[{"embeddable":true,"href":"https:\/\/mydoctoreu.com\/en\/wp-json\/wp\/v2\/comments?post=1156"}],"version-history":[{"count":31,"href":"https:\/\/mydoctoreu.com\/en\/wp-json\/wp\/v2\/pages\/1156\/revisions"}],"predecessor-version":[{"id":11607,"href":"https:\/\/mydoctoreu.com\/en\/wp-json\/wp\/v2\/pages\/1156\/revisions\/11607"}],"wp:attachment":[{"href":"https:\/\/mydoctoreu.com\/en\/wp-json\/wp\/v2\/media?parent=1156"}],"curies":[{"name":"wp","href":"https:\/\/api.w.org\/{rel}","templated":true}]}}